{"id":255,"date":"2026-02-23T11:33:46","date_gmt":"2026-02-23T11:33:46","guid":{"rendered":"https:\/\/www.megaserenerji.com.tr\/?page_id=255"},"modified":"2026-04-01T12:10:17","modified_gmt":"2026-04-01T12:10:17","slug":"megaser-enerji-hakkinda","status":"publish","type":"page","link":"https:\/\/www.megaserenerji.com.tr\/index.php\/megaser-enerji-hakkinda\/","title":{"rendered":"Megaser Enerji Hakk\u0131nda"},"content":{"rendered":"\t\t<div data-elementor-type=\"wp-page\" data-elementor-id=\"255\" class=\"elementor elementor-255\">\n\t\t\t\t<div class=\"elementor-element elementor-element-81ffb8d e-flex e-con-boxed e-con e-parent\" data-id=\"81ffb8d\" data-element_type=\"container\" data-e-type=\"container\">\n\t\t\t\t\t<div class=\"e-con-inner\">\n\t\t<div class=\"elementor-element elementor-element-096de58 e-con-full e-flex e-con e-child\" data-id=\"096de58\" data-element_type=\"container\" data-e-type=\"container\">\n\t\t\t\t<div class=\"elementor-element elementor-element-3ac4dd7 elementor-widget elementor-widget-image\" data-id=\"3ac4dd7\" data-element_type=\"widget\" data-e-type=\"widget\" data-widget_type=\"image.default\">\n\t\t\t\t\t\t\t\t\t\t\t\t\t\t\t<img fetchpriority=\"high\" decoding=\"async\" width=\"800\" height=\"800\" src=\"https:\/\/www.megaserenerji.com.tr\/wp-content\/uploads\/2026\/02\/7f4b2be1-45a0-4e3c-94a5-f6148e965472.jpg\" class=\"attachment-large size-large wp-image-391\" alt=\"\" srcset=\"https:\/\/www.megaserenerji.com.tr\/wp-content\/uploads\/2026\/02\/7f4b2be1-45a0-4e3c-94a5-f6148e965472.jpg 1024w, https:\/\/www.megaserenerji.com.tr\/wp-content\/uploads\/2026\/02\/7f4b2be1-45a0-4e3c-94a5-f6148e965472-300x300.jpg 300w, https:\/\/www.megaserenerji.com.tr\/wp-content\/uploads\/2026\/02\/7f4b2be1-45a0-4e3c-94a5-f6148e965472-150x150.jpg 150w, https:\/\/www.megaserenerji.com.tr\/wp-content\/uploads\/2026\/02\/7f4b2be1-45a0-4e3c-94a5-f6148e965472-768x768.jpg 768w\" sizes=\"(max-width: 800px) 100vw, 800px\" \/>\t\t\t\t\t\t\t\t\t\t\t\t\t\t\t<\/div>\n\t\t\t\t<\/div>\n\t\t<div class=\"elementor-element elementor-element-4b17098 e-con-full e-flex e-con e-child\" data-id=\"4b17098\" data-element_type=\"container\" data-e-type=\"container\">\n\t\t\t\t<div class=\"elementor-element elementor-element-a17616a elementor-widget__width-initial elementor-widget elementor-widget-text-editor\" data-id=\"a17616a\" data-element_type=\"widget\" data-e-type=\"widget\" data-widget_type=\"text-editor.default\">\n\t\t\t\t\t\t\t\t\t<p data-start=\"0\" data-end=\"466\">Megaser Enerji San. Tic. Ltd. \u015eti. olarak; pano elektrik, klemens ve\u00a0 Ges (G\u00fcne\u015f enerjisi Sistemleri) sekt\u00f6rlerinde y\u0131llar\u0131n birikimiyle elde etti\u011fimiz deneyim ve tecr\u00fcbeyi, m\u00fc\u015fteri memnuniyeti odakl\u0131 hizmet anlay\u0131\u015f\u0131m\u0131zla birle\u015ftirerek 2016 y\u0131l\u0131nda faaliyetlerimize ba\u015flad\u0131k. Kurulu\u015fumuzdan bu yana profesyonellik, empati, d\u00fcr\u00fcstl\u00fck ve s\u00fcrekli geli\u015fim ilkelerimiz do\u011frultusunda, m\u00fc\u015fterilerimize en uygun, g\u00fcvenilir ve s\u00fcrd\u00fcr\u00fclebilir \u00e7\u00f6z\u00fcmler sunmay\u0131 ilke edindik.<\/p><p data-start=\"468\" data-end=\"955\">Teknik donan\u0131m\u0131 y\u00fcksek, alan\u0131nda uzman ekibimiz ile elektrik sekt\u00f6r\u00fcnde elektromontaj hizmetleri sunarken; AG-OG \u00fcr\u00fcn gruplar\u0131na y\u00f6nelik \u00e7\u00f6z\u00fcmlerimizin yan\u0131 s\u0131ra, GES projelerinde de anahtar teslim hizmetler sa\u011flamaktay\u0131z. M\u00fchendislikten \u00fcretime, kurulumdan devreye almaya kadar t\u00fcm s\u00fcre\u00e7lerde kalite standartlar\u0131na uygun, y\u00fcksek verimli ve uzun \u00f6m\u00fcrl\u00fc sistemler geli\u015ftiriyoruz. Her projede m\u00fc\u015fteri ihtiya\u00e7lar\u0131n\u0131 \u00f6n planda tutarak maksimum verim ve g\u00fcvenilirlik sa\u011flamay\u0131 hedefliyoruz.<\/p><p data-start=\"957\" data-end=\"1477\" data-is-last-node=\"\" data-is-only-node=\"\">Megaser Enerji olarak sadece yurt i\u00e7inde de\u011fil, uluslararas\u0131 pazarda da b\u00fcy\u00fcyen bir marka olma yolunda ilerliyoruz. Ba\u015fta T\u00fcrkmenistan, Irak, Katar ve Almanya olmak \u00fczere farkl\u0131 co\u011frafyalara ger\u00e7ekle\u015ftirdi\u011fimiz ihracat faaliyetleri ile \u00fclkemizi global \u00f6l\u00e7ekte temsil ediyoruz. M\u00fc\u015fteri memnuniyetini her zaman \u00f6nceli\u011fimiz olarak g\u00f6rerek, sat\u0131\u015f \u00f6ncesi ve sonras\u0131 sundu\u011fumuz destek ile uzun vadeli i\u015f birlikleri kuruyor; kaliteyi s\u00fcrekli ileriye ta\u015f\u0131ma hedefimizle sekt\u00f6rde g\u00fcvenilir bir \u00e7\u00f6z\u00fcm orta\u011f\u0131 olmaya devam ediyoruz.<\/p><p data-start=\"0\" data-end=\"503\">Megaser Enerji olarak, yurt i\u00e7indeki g\u00fc\u00e7l\u00fc yap\u0131lanmam\u0131z\u0131n yan\u0131 s\u0131ra uluslararas\u0131 pazarlarda da etkin bir \u015fekilde faaliyet g\u00f6stermekteyiz. \u00d6zellikle T\u00fcrkmenistan ve Irak ba\u015fta olmak \u00fczere, enerji altyap\u0131 projeleri ile \u00f6nemli i\u015f birliklerine imza atmaktay\u0131z. B\u00f6lgesel ihtiya\u00e7lar\u0131 do\u011fru analiz ederek geli\u015ftirdi\u011fimiz projeler sayesinde, farkl\u0131 iklim ve saha ko\u015fullar\u0131na uygun, y\u00fcksek verimli sistemler kurarak m\u00fc\u015fterilerimize s\u00fcrd\u00fcr\u00fclebilir enerji \u00e7\u00f6z\u00fcmleri sunuyoruz.<\/p><p data-start=\"505\" data-end=\"916\">Orta Do\u011fu\u2019daki faaliyetlerimizi her ge\u00e7en g\u00fcn geni\u015fleterek Katar pazar\u0131nda da aktif rol almaktay\u0131z. Uluslararas\u0131 kalite standartlar\u0131na uygun \u00fcretim ve m\u00fchendislik hizmetlerimizle, Katar\u2019da ger\u00e7ekle\u015ftirdi\u011fimiz projelerde y\u00fcksek performans ve g\u00fcvenilirlik sa\u011flamaktay\u0131z. G\u00fc\u00e7l\u00fc lojistik a\u011f\u0131m\u0131z ve zaman\u0131nda teslim prensibimiz sayesinde, global \u00f6l\u00e7ekte g\u00fcvenilir bir i\u015f orta\u011f\u0131 olma vizyonumuzu s\u00fcrd\u00fcrmekteyiz.<\/p><p data-start=\"918\" data-end=\"1331\" data-is-last-node=\"\" data-is-only-node=\"\">Avrupa pazar\u0131ndaki varl\u0131\u011f\u0131m\u0131z\u0131 ise \u00f6zellikle Almanya ile g\u00fc\u00e7lendirmekteyiz. Y\u00fcksek kalite, teknoloji ve s\u00fcrd\u00fcr\u00fclebilirlik odakl\u0131 \u00fcretim anlay\u0131\u015f\u0131m\u0131zla Avrupa standartlar\u0131na uygun \u00e7\u00f6z\u00fcmler sunarak, Megaser Enerji\u2019yi uluslararas\u0131 arenada g\u00fc\u00e7l\u00fc bir marka haline getirmeyi hedefliyoruz. \u0130hracat faaliyetlerimizle \u00fclkemizin enerji sekt\u00f6r\u00fcne katk\u0131 sa\u011flarken, global \u00f6l\u00e7ekte b\u00fcy\u00fcmeye ve de\u011fer \u00fcretmeye devam ediyoruz.<\/p>\t\t\t\t\t\t\t\t<\/div>\n\t\t\t\t<\/div>\n\t\t\t\t\t<\/div>\n\t\t\t\t<\/div>\n\t\t\t\t<\/div>\n\t\t","protected":false},"excerpt":{"rendered":"<p>Megaser Enerji San. Tic. Ltd. \u015eti. olarak; pano elektrik, klemens ve\u00a0 Ges (G\u00fcne\u015f enerjisi Sistemleri) sekt\u00f6rlerinde y\u0131llar\u0131n birikimiyle elde etti\u011fimiz deneyim ve tecr\u00fcbeyi, m\u00fc\u015fteri memnuniyeti odakl\u0131 hizmet anlay\u0131\u015f\u0131m\u0131zla birle\u015ftirerek 2016 y\u0131l\u0131nda faaliyetlerimize ba\u015flad\u0131k. Kurulu\u015fumuzdan bu yana profesyonellik, empati, d\u00fcr\u00fcstl\u00fck ve s\u00fcrekli geli\u015fim ilkelerimiz do\u011frultusunda, m\u00fc\u015fterilerimize en uygun, g\u00fcvenilir ve s\u00fcrd\u00fcr\u00fclebilir \u00e7\u00f6z\u00fcmler sunmay\u0131 ilke edindik. Teknik [&hellip;]<\/p>\n","protected":false},"author":1,"featured_media":0,"parent":0,"menu_order":0,"comment_status":"closed","ping_status":"closed","template":"","meta":{"_joinchat":[],"footnotes":""},"class_list":["post-255","page","type-page","status-publish","hentry"],"_links":{"self":[{"href":"https:\/\/www.megaserenerji.com.tr\/index.php\/wp-json\/wp\/v2\/pages\/255","targetHints":{"allow":["GET"]}}],"collection":[{"href":"https:\/\/www.megaserenerji.com.tr\/index.php\/wp-json\/wp\/v2\/pages"}],"about":[{"href":"https:\/\/www.megaserenerji.com.tr\/index.php\/wp-json\/wp\/v2\/types\/page"}],"author":[{"embeddable":true,"href":"https:\/\/www.megaserenerji.com.tr\/index.php\/wp-json\/wp\/v2\/users\/1"}],"replies":[{"embeddable":true,"href":"https:\/\/www.megaserenerji.com.tr\/index.php\/wp-json\/wp\/v2\/comments?post=255"}],"version-history":[{"count":20,"href":"https:\/\/www.megaserenerji.com.tr\/index.php\/wp-json\/wp\/v2\/pages\/255\/revisions"}],"predecessor-version":[{"id":710,"href":"https:\/\/www.megaserenerji.com.tr\/index.php\/wp-json\/wp\/v2\/pages\/255\/revisions\/710"}],"wp:attachment":[{"href":"https:\/\/www.megaserenerji.com.tr\/index.php\/wp-json\/wp\/v2\/media?parent=255"}],"curies":[{"name":"wp","href":"https:\/\/api.w.org\/{rel}","templated":true}]}}