{"id":279,"date":"2026-02-23T12:11:32","date_gmt":"2026-02-23T12:11:32","guid":{"rendered":"https:\/\/www.megaserenerji.com.tr\/?page_id=279"},"modified":"2026-04-01T12:14:25","modified_gmt":"2026-04-01T12:14:25","slug":"orta-gerilim-urunler","status":"publish","type":"page","link":"https:\/\/www.megaserenerji.com.tr\/index.php\/orta-gerilim-urunler\/","title":{"rendered":"Orta Gerilim \u00dcr\u00fcnler"},"content":{"rendered":"\t\t<div data-elementor-type=\"wp-page\" data-elementor-id=\"279\" class=\"elementor elementor-279\">\n\t\t\t\t<div class=\"elementor-element elementor-element-13afb642 e-flex e-con-boxed e-con e-parent\" data-id=\"13afb642\" data-element_type=\"container\" data-e-type=\"container\">\n\t\t\t\t\t<div class=\"e-con-inner\">\n\t\t<div class=\"elementor-element elementor-element-57348731 e-con-full e-flex e-con e-child\" data-id=\"57348731\" data-element_type=\"container\" data-e-type=\"container\">\n\t\t\t\t<div class=\"elementor-element elementor-element-6269bf2d elementor-widget elementor-widget-image\" data-id=\"6269bf2d\" data-element_type=\"widget\" data-e-type=\"widget\" data-widget_type=\"image.default\">\n\t\t\t\t\t\t\t\t\t\t\t\t\t\t\t<img fetchpriority=\"high\" decoding=\"async\" width=\"800\" height=\"600\" src=\"https:\/\/www.megaserenerji.com.tr\/wp-content\/uploads\/2026\/02\/og_20190405165110820.jpg\" class=\"attachment-large size-large wp-image-282\" alt=\"\" srcset=\"https:\/\/www.megaserenerji.com.tr\/wp-content\/uploads\/2026\/02\/og_20190405165110820.jpg 800w, https:\/\/www.megaserenerji.com.tr\/wp-content\/uploads\/2026\/02\/og_20190405165110820-300x225.jpg 300w, https:\/\/www.megaserenerji.com.tr\/wp-content\/uploads\/2026\/02\/og_20190405165110820-768x576.jpg 768w\" sizes=\"(max-width: 800px) 100vw, 800px\" \/>\t\t\t\t\t\t\t\t\t\t\t\t\t\t\t<\/div>\n\t\t\t\t<\/div>\n\t\t<div class=\"elementor-element elementor-element-313bc23a e-con-full e-flex e-con e-child\" data-id=\"313bc23a\" data-element_type=\"container\" data-e-type=\"container\">\n\t\t\t\t<div class=\"elementor-element elementor-element-682611d9 elementor-widget elementor-widget-elementskit-heading\" data-id=\"682611d9\" data-element_type=\"widget\" data-e-type=\"widget\" data-widget_type=\"elementskit-heading.default\">\n\t\t\t\t\t<div class=\"ekit-wid-con\" ><div class=\"ekit-heading elementskit-section-title-wraper text_left   ekit_heading_tablet-   ekit_heading_mobile-\"><h2 class=\"ekit-heading--title elementskit-section-title \">ORTA GER\u0130L\u0130M (OG) S\u0130STEMLER\u0130 VE G\u00dc\u00c7 TRAFOLARI<\/h2><h3 class=\"ekit-heading--subtitle elementskit-section-subtitle  \">\n\t\t\t\t\t\tMegaser Enerji olarak; elektrik enerjisinin \u00fcretim, iletim ve da\u011f\u0131t\u0131m s\u00fcre\u00e7lerinde kritik rol oynayan Orta Gerilim (OG) sistemleri ve G\u00fc\u00e7 Transformat\u00f6rleri alan\u0131nda m\u00fchendislik, tedarik, montaj ve devreye alma \u00e7\u00f6z\u00fcmleri sunmaktay\u0131z.  Orta gerilim sistemleri, genel olarak 1 kV \u2013 36 kV gerilim aral\u0131\u011f\u0131nda \u00e7al\u0131\u015fan elektrik altyap\u0131lar\u0131n\u0131 kapsar. Bu sistemler, enerjinin \u015febekeden al\u0131narak tesislere g\u00fcvenli \u015fekilde ula\u015ft\u0131r\u0131lmas\u0131n\u0131 ve g\u00fc\u00e7 trafolar\u0131 arac\u0131l\u0131\u011f\u0131yla al\u00e7ak gerilim seviyelerine d\u00fc\u015f\u00fcr\u00fclmesini sa\u011flar.\n\t\t\t\t\t<\/h3>\t\t\t\t<div class='ekit-heading__description'>\n\t\t\t\t\t<h3>Orta Gerilim Da\u011f\u0131t\u0131m Sistemleri<\/h3>\n<p>OG sistemler; enerji s\u00fcreklili\u011fi, i\u015fletme g\u00fcvenli\u011fi ve y\u00fcksek g\u00fc\u00e7lerin kontrol\u00fc a\u00e7\u0131s\u0131ndan b\u00fcy\u00fck \u00f6nem ta\u015f\u0131r. Orta gerilim panolar\u0131 ve h\u00fccreleri, <strong>kV seviyesindeki enerjinin<\/strong> kontroll\u00fc bi\u00e7imde anahtarlanmas\u0131n\u0131, korunmas\u0131n\u0131 ve da\u011f\u0131t\u0131lmas\u0131n\u0131 sa\u011flar.<\/p>\n<p>OG sistemlerinde kullan\u0131lan ba\u015fl\u0131ca ekipmanlar:<\/p>\n<ul>\n<li>\n<p><strong>Orta gerilim h\u00fccreleri (RMU, metal clad)<\/strong><\/p>\n<\/li>\n<li>\n<p><strong>Y\u00fck ay\u0131r\u0131c\u0131lar ve kesiciler<\/strong><\/p>\n<\/li>\n<li>\n<p><strong>Ak\u0131m ve gerilim trafolar\u0131<\/strong><\/p>\n<\/li>\n<li>\n<p><strong>Koruma r\u00f6leleri<\/strong><\/p>\n<\/li>\n<li>\n<p><strong>Topraklama ve izolasyon sistemleri<\/strong><\/p>\n<\/li>\n<\/ul>\n<p>Bu yap\u0131lar sayesinde k\u0131sa devre, a\u015f\u0131r\u0131 ak\u0131m, toprak hatas\u0131 ve ark olu\u015fumu gibi riskler g\u00fcvenli \u015fekilde kontrol alt\u0131na al\u0131n\u0131r.<\/p>\n<h3>G\u00fc\u00e7 Transformat\u00f6rleri<\/h3>\n<p>G\u00fc\u00e7 trafolar\u0131, orta gerilim seviyesindeki enerjiyi tesislerin ihtiyac\u0131na g\u00f6re al\u00e7ak gerilime d\u00f6n\u00fc\u015ft\u00fcren temel ekipmanlard\u0131r. Megaser Enerji \u00e7\u00f6z\u00fcmlerinde kullan\u0131lan trafolar;<\/p>\n<ul>\n<li>\n<p><strong>100 kVA \u2013 2500 kVA<\/strong> da\u011f\u0131t\u0131m trafolar\u0131<\/p>\n<\/li>\n<li>\n<p><strong>MVA seviyesinde g\u00fc\u00e7 trafolar\u0131<\/strong><\/p>\n<\/li>\n<li>\n<p><strong>Ya\u011fl\u0131 tip ve kuru tip (dry type) transformat\u00f6rler<\/strong><\/p>\n<\/li>\n<\/ul>\n<p>olarak projeye \u00f6zel se\u00e7ilir ve uygulan\u0131r.<\/p>\n<p>Trafolar; enerjinin <strong>kay\u0131ps\u0131z, dengeli ve s\u00fcrekli<\/strong> aktar\u0131lmas\u0131n\u0131 sa\u011flarken, tesisin toplam <strong>kW \/ MW g\u00fcc\u00fcne<\/strong> uygun kapasitede tasarlan\u0131r.<\/p>\n\t\t\t\t<\/div>\n\t\t\t<\/div><\/div>\t\t\t\t<\/div>\n\t\t\t\t<\/div>\n\t\t\t\t\t<\/div>\n\t\t\t\t<\/div>\n\t\t\t\t<\/div>\n\t\t","protected":false},"excerpt":{"rendered":"<p>ORTA GER\u0130L\u0130M (OG) S\u0130STEMLER\u0130 VE G\u00dc\u00c7 TRAFOLARI Megaser Enerji olarak; elektrik enerjisinin \u00fcretim, iletim ve da\u011f\u0131t\u0131m s\u00fcre\u00e7lerinde kritik rol oynayan Orta Gerilim (OG) sistemleri ve G\u00fc\u00e7 Transformat\u00f6rleri alan\u0131nda m\u00fchendislik, tedarik, montaj ve devreye alma \u00e7\u00f6z\u00fcmleri sunmaktay\u0131z. Orta gerilim sistemleri, genel olarak 1 kV \u2013 36 kV gerilim aral\u0131\u011f\u0131nda \u00e7al\u0131\u015fan elektrik altyap\u0131lar\u0131n\u0131 kapsar. Bu sistemler, enerjinin [&hellip;]<\/p>\n","protected":false},"author":1,"featured_media":0,"parent":0,"menu_order":0,"comment_status":"closed","ping_status":"closed","template":"","meta":{"_joinchat":[],"footnotes":""},"class_list":["post-279","page","type-page","status-publish","hentry"],"_links":{"self":[{"href":"https:\/\/www.megaserenerji.com.tr\/index.php\/wp-json\/wp\/v2\/pages\/279","targetHints":{"allow":["GET"]}}],"collection":[{"href":"https:\/\/www.megaserenerji.com.tr\/index.php\/wp-json\/wp\/v2\/pages"}],"about":[{"href":"https:\/\/www.megaserenerji.com.tr\/index.php\/wp-json\/wp\/v2\/types\/page"}],"author":[{"embeddable":true,"href":"https:\/\/www.megaserenerji.com.tr\/index.php\/wp-json\/wp\/v2\/users\/1"}],"replies":[{"embeddable":true,"href":"https:\/\/www.megaserenerji.com.tr\/index.php\/wp-json\/wp\/v2\/comments?post=279"}],"version-history":[{"count":7,"href":"https:\/\/www.megaserenerji.com.tr\/index.php\/wp-json\/wp\/v2\/pages\/279\/revisions"}],"predecessor-version":[{"id":719,"href":"https:\/\/www.megaserenerji.com.tr\/index.php\/wp-json\/wp\/v2\/pages\/279\/revisions\/719"}],"wp:attachment":[{"href":"https:\/\/www.megaserenerji.com.tr\/index.php\/wp-json\/wp\/v2\/media?parent=279"}],"curies":[{"name":"wp","href":"https:\/\/api.w.org\/{rel}","templated":true}]}}