{"id":291,"date":"2026-02-23T12:26:08","date_gmt":"2026-02-23T12:26:08","guid":{"rendered":"https:\/\/www.megaserenerji.com.tr\/?page_id=291"},"modified":"2026-04-01T12:08:24","modified_gmt":"2026-04-01T12:08:24","slug":"imalat-galerimiz","status":"publish","type":"page","link":"https:\/\/www.megaserenerji.com.tr\/index.php\/imalat-galerimiz\/","title":{"rendered":"\u0130malat Galerimiz"},"content":{"rendered":"\t\t<div data-elementor-type=\"wp-page\" data-elementor-id=\"291\" class=\"elementor elementor-291\">\n\t\t\t\t<div class=\"elementor-element elementor-element-444eb81 e-flex e-con-boxed e-con e-parent\" data-id=\"444eb81\" data-element_type=\"container\" data-e-type=\"container\">\n\t\t\t\t\t<div class=\"e-con-inner\">\n\t\t\t\t<div class=\"elementor-element elementor-element-c6f87d0 elementor-pagination-position-inside elementor-arrows-position-inside elementor-widget elementor-widget-image-carousel\" data-id=\"c6f87d0\" data-element_type=\"widget\" data-e-type=\"widget\" data-settings=\"{&quot;slides_to_show&quot;:&quot;3&quot;,&quot;autoplay_speed&quot;:2000,&quot;speed&quot;:900,&quot;image_spacing_custom&quot;:{&quot;unit&quot;:&quot;px&quot;,&quot;size&quot;:6,&quot;sizes&quot;:[]},&quot;navigation&quot;:&quot;both&quot;,&quot;autoplay&quot;:&quot;yes&quot;,&quot;pause_on_hover&quot;:&quot;yes&quot;,&quot;pause_on_interaction&quot;:&quot;yes&quot;,&quot;infinite&quot;:&quot;yes&quot;,&quot;image_spacing_custom_tablet&quot;:{&quot;unit&quot;:&quot;px&quot;,&quot;size&quot;:&quot;&quot;,&quot;sizes&quot;:[]},&quot;image_spacing_custom_mobile&quot;:{&quot;unit&quot;:&quot;px&quot;,&quot;size&quot;:&quot;&quot;,&quot;sizes&quot;:[]}}\" data-widget_type=\"image-carousel.default\">\n\t\t\t\t\t\t\t<div class=\"elementor-image-carousel-wrapper swiper\" role=\"region\" aria-roledescription=\"carousel\" aria-label=\"Resim D\u00f6ng\u00fcs\u00fc\" dir=\"ltr\">\n\t\t\t<div class=\"elementor-image-carousel swiper-wrapper swiper-image-stretch\" aria-live=\"off\">\n\t\t\t\t\t\t\t\t<div class=\"swiper-slide\" role=\"group\" aria-roledescription=\"slide\" aria-label=\"1 \/ 13\"><figure class=\"swiper-slide-inner\"><img decoding=\"async\" class=\"swiper-slide-image\" src=\"https:\/\/www.megaserenerji.com.tr\/wp-content\/uploads\/2026\/04\/1-768x499.jpg\" alt=\"1\" \/><\/figure><\/div><div class=\"swiper-slide\" role=\"group\" aria-roledescription=\"slide\" aria-label=\"2 \/ 13\"><figure class=\"swiper-slide-inner\"><img decoding=\"async\" class=\"swiper-slide-image\" src=\"https:\/\/www.megaserenerji.com.tr\/wp-content\/uploads\/2026\/04\/2-768x499.jpg\" alt=\"2\" \/><\/figure><\/div><div class=\"swiper-slide\" role=\"group\" aria-roledescription=\"slide\" aria-label=\"3 \/ 13\"><figure class=\"swiper-slide-inner\"><img decoding=\"async\" class=\"swiper-slide-image\" src=\"https:\/\/www.megaserenerji.com.tr\/wp-content\/uploads\/2026\/04\/3-768x499.jpg\" alt=\"3\" \/><\/figure><\/div><div class=\"swiper-slide\" role=\"group\" aria-roledescription=\"slide\" aria-label=\"4 \/ 13\"><figure class=\"swiper-slide-inner\"><img decoding=\"async\" class=\"swiper-slide-image\" src=\"https:\/\/www.megaserenerji.com.tr\/wp-content\/uploads\/2026\/04\/4-768x499.jpg\" alt=\"4\" \/><\/figure><\/div><div class=\"swiper-slide\" role=\"group\" aria-roledescription=\"slide\" aria-label=\"5 \/ 13\"><figure class=\"swiper-slide-inner\"><img decoding=\"async\" class=\"swiper-slide-image\" src=\"https:\/\/www.megaserenerji.com.tr\/wp-content\/uploads\/2026\/04\/5-768x499.jpg\" alt=\"5\" \/><\/figure><\/div><div class=\"swiper-slide\" role=\"group\" aria-roledescription=\"slide\" aria-label=\"6 \/ 13\"><figure class=\"swiper-slide-inner\"><img decoding=\"async\" class=\"swiper-slide-image\" src=\"https:\/\/www.megaserenerji.com.tr\/wp-content\/uploads\/2026\/04\/6-768x499.jpg\" alt=\"6\" \/><\/figure><\/div><div class=\"swiper-slide\" role=\"group\" aria-roledescription=\"slide\" aria-label=\"7 \/ 13\"><figure class=\"swiper-slide-inner\"><img decoding=\"async\" class=\"swiper-slide-image\" src=\"https:\/\/www.megaserenerji.com.tr\/wp-content\/uploads\/2026\/04\/7-768x499.jpg\" alt=\"7\" \/><\/figure><\/div><div class=\"swiper-slide\" role=\"group\" aria-roledescription=\"slide\" aria-label=\"8 \/ 13\"><figure class=\"swiper-slide-inner\"><img decoding=\"async\" class=\"swiper-slide-image\" src=\"https:\/\/www.megaserenerji.com.tr\/wp-content\/uploads\/2026\/04\/8-768x499.jpg\" alt=\"8\" \/><\/figure><\/div><div class=\"swiper-slide\" role=\"group\" aria-roledescription=\"slide\" aria-label=\"9 \/ 13\"><figure class=\"swiper-slide-inner\"><img decoding=\"async\" class=\"swiper-slide-image\" src=\"https:\/\/www.megaserenerji.com.tr\/wp-content\/uploads\/2026\/04\/9-768x499.jpg\" alt=\"9\" \/><\/figure><\/div><div class=\"swiper-slide\" role=\"group\" aria-roledescription=\"slide\" aria-label=\"10 \/ 13\"><figure class=\"swiper-slide-inner\"><img decoding=\"async\" class=\"swiper-slide-image\" src=\"https:\/\/www.megaserenerji.com.tr\/wp-content\/uploads\/2026\/04\/10-768x499.jpg\" alt=\"10\" \/><\/figure><\/div><div class=\"swiper-slide\" role=\"group\" aria-roledescription=\"slide\" aria-label=\"11 \/ 13\"><figure class=\"swiper-slide-inner\"><img decoding=\"async\" class=\"swiper-slide-image\" src=\"https:\/\/www.megaserenerji.com.tr\/wp-content\/uploads\/2026\/04\/11-768x499.jpg\" alt=\"11\" \/><\/figure><\/div><div class=\"swiper-slide\" role=\"group\" aria-roledescription=\"slide\" aria-label=\"12 \/ 13\"><figure class=\"swiper-slide-inner\"><img decoding=\"async\" class=\"swiper-slide-image\" src=\"https:\/\/www.megaserenerji.com.tr\/wp-content\/uploads\/2026\/04\/12-768x499.jpg\" alt=\"12\" \/><\/figure><\/div><div class=\"swiper-slide\" role=\"group\" aria-roledescription=\"slide\" aria-label=\"13 \/ 13\"><figure class=\"swiper-slide-inner\"><img decoding=\"async\" class=\"swiper-slide-image\" src=\"https:\/\/www.megaserenerji.com.tr\/wp-content\/uploads\/2026\/04\/13-768x499.jpg\" alt=\"13\" \/><\/figure><\/div>\t\t\t<\/div>\n\t\t\t\t\t\t\t\t\t\t\t\t<div class=\"elementor-swiper-button elementor-swiper-button-prev\" role=\"button\" tabindex=\"0\">\n\t\t\t\t\t\t<i aria-hidden=\"true\" class=\"eicon-chevron-left\"><\/i>\t\t\t\t\t<\/div>\n\t\t\t\t\t<div class=\"elementor-swiper-button elementor-swiper-button-next\" role=\"button\" tabindex=\"0\">\n\t\t\t\t\t\t<i aria-hidden=\"true\" class=\"eicon-chevron-right\"><\/i>\t\t\t\t\t<\/div>\n\t\t\t\t\n\t\t\t\t\t\t\t\t\t<div class=\"swiper-pagination\"><\/div>\n\t\t\t\t\t\t\t\t\t<\/div>\n\t\t\t\t\t\t<\/div>\n\t\t\t\t\t<\/div>\n\t\t\t\t<\/div>\n\t\t<div class=\"elementor-element elementor-element-688149a e-grid e-con-boxed e-con e-parent\" data-id=\"688149a\" data-element_type=\"container\" data-e-type=\"container\">\n\t\t\t\t\t<div class=\"e-con-inner\">\n\t\t\t\t<div class=\"elementor-element elementor-element-c9a0e19 elementor-widget elementor-widget-image\" data-id=\"c9a0e19\" data-element_type=\"widget\" data-e-type=\"widget\" data-widget_type=\"image.default\">\n\t\t\t\t\t\t\t\t\t\t\t\t\t\t\t<img fetchpriority=\"high\" decoding=\"async\" width=\"800\" height=\"600\" src=\"https:\/\/www.megaserenerji.com.tr\/wp-content\/uploads\/2026\/03\/WhatsApp-Image-2026-03-02-at-12.10.46-1-1024x768.jpeg\" class=\"attachment-large size-large wp-image-496\" alt=\"\" srcset=\"https:\/\/www.megaserenerji.com.tr\/wp-content\/uploads\/2026\/03\/WhatsApp-Image-2026-03-02-at-12.10.46-1-1024x768.jpeg 1024w, https:\/\/www.megaserenerji.com.tr\/wp-content\/uploads\/2026\/03\/WhatsApp-Image-2026-03-02-at-12.10.46-1-300x225.jpeg 300w, https:\/\/www.megaserenerji.com.tr\/wp-content\/uploads\/2026\/03\/WhatsApp-Image-2026-03-02-at-12.10.46-1-768x576.jpeg 768w, https:\/\/www.megaserenerji.com.tr\/wp-content\/uploads\/2026\/03\/WhatsApp-Image-2026-03-02-at-12.10.46-1-1536x1152.jpeg 1536w, https:\/\/www.megaserenerji.com.tr\/wp-content\/uploads\/2026\/03\/WhatsApp-Image-2026-03-02-at-12.10.46-1.jpeg 1984w\" sizes=\"(max-width: 800px) 100vw, 800px\" \/>\t\t\t\t\t\t\t\t\t\t\t\t\t\t\t<\/div>\n\t\t\t\t<div class=\"elementor-element elementor-element-7b792a2 elementor-widget elementor-widget-image\" data-id=\"7b792a2\" data-element_type=\"widget\" data-e-type=\"widget\" data-widget_type=\"image.default\">\n\t\t\t\t\t\t\t\t\t\t\t\t\t\t\t<img decoding=\"async\" width=\"800\" height=\"600\" src=\"https:\/\/www.megaserenerji.com.tr\/wp-content\/uploads\/2026\/03\/WhatsApp-Image-2026-03-26-at-19.03.53-1024x768.jpeg\" class=\"attachment-large size-large wp-image-482\" alt=\"\" srcset=\"https:\/\/www.megaserenerji.com.tr\/wp-content\/uploads\/2026\/03\/WhatsApp-Image-2026-03-26-at-19.03.53-1024x768.jpeg 1024w, https:\/\/www.megaserenerji.com.tr\/wp-content\/uploads\/2026\/03\/WhatsApp-Image-2026-03-26-at-19.03.53-300x225.jpeg 300w, https:\/\/www.megaserenerji.com.tr\/wp-content\/uploads\/2026\/03\/WhatsApp-Image-2026-03-26-at-19.03.53-768x576.jpeg 768w, https:\/\/www.megaserenerji.com.tr\/wp-content\/uploads\/2026\/03\/WhatsApp-Image-2026-03-26-at-19.03.53-1536x1152.jpeg 1536w, https:\/\/www.megaserenerji.com.tr\/wp-content\/uploads\/2026\/03\/WhatsApp-Image-2026-03-26-at-19.03.53.jpeg 1984w\" sizes=\"(max-width: 800px) 100vw, 800px\" \/>\t\t\t\t\t\t\t\t\t\t\t\t\t\t\t<\/div>\n\t\t\t\t<div class=\"elementor-element elementor-element-ff9337a elementor-widget elementor-widget-image\" data-id=\"ff9337a\" data-element_type=\"widget\" data-e-type=\"widget\" data-widget_type=\"image.default\">\n\t\t\t\t\t\t\t\t\t\t\t\t\t\t\t<img decoding=\"async\" width=\"800\" height=\"600\" src=\"https:\/\/www.megaserenerji.com.tr\/wp-content\/uploads\/2026\/03\/WhatsApp-Image-2026-03-26-at-19.03.53-4-1024x768.jpeg\" class=\"attachment-large size-large wp-image-479\" alt=\"\" srcset=\"https:\/\/www.megaserenerji.com.tr\/wp-content\/uploads\/2026\/03\/WhatsApp-Image-2026-03-26-at-19.03.53-4-1024x768.jpeg 1024w, https:\/\/www.megaserenerji.com.tr\/wp-content\/uploads\/2026\/03\/WhatsApp-Image-2026-03-26-at-19.03.53-4-300x225.jpeg 300w, https:\/\/www.megaserenerji.com.tr\/wp-content\/uploads\/2026\/03\/WhatsApp-Image-2026-03-26-at-19.03.53-4-768x576.jpeg 768w, https:\/\/www.megaserenerji.com.tr\/wp-content\/uploads\/2026\/03\/WhatsApp-Image-2026-03-26-at-19.03.53-4-1536x1152.jpeg 1536w, https:\/\/www.megaserenerji.com.tr\/wp-content\/uploads\/2026\/03\/WhatsApp-Image-2026-03-26-at-19.03.53-4.jpeg 1984w\" sizes=\"(max-width: 800px) 100vw, 800px\" \/>\t\t\t\t\t\t\t\t\t\t\t\t\t\t\t<\/div>\n\t\t\t\t<div class=\"elementor-element elementor-element-75f7921 elementor-widget elementor-widget-image\" data-id=\"75f7921\" data-element_type=\"widget\" data-e-type=\"widget\" data-widget_type=\"image.default\">\n\t\t\t\t\t\t\t\t\t\t\t\t\t\t\t<img loading=\"lazy\" decoding=\"async\" width=\"800\" height=\"600\" src=\"https:\/\/www.megaserenerji.com.tr\/wp-content\/uploads\/2026\/03\/WhatsApp-Image-2026-03-02-at-12.10.47-3-1024x768.jpeg\" class=\"attachment-large size-large wp-image-500\" alt=\"\" srcset=\"https:\/\/www.megaserenerji.com.tr\/wp-content\/uploads\/2026\/03\/WhatsApp-Image-2026-03-02-at-12.10.47-3-1024x768.jpeg 1024w, https:\/\/www.megaserenerji.com.tr\/wp-content\/uploads\/2026\/03\/WhatsApp-Image-2026-03-02-at-12.10.47-3-300x225.jpeg 300w, https:\/\/www.megaserenerji.com.tr\/wp-content\/uploads\/2026\/03\/WhatsApp-Image-2026-03-02-at-12.10.47-3-768x576.jpeg 768w, https:\/\/www.megaserenerji.com.tr\/wp-content\/uploads\/2026\/03\/WhatsApp-Image-2026-03-02-at-12.10.47-3-1536x1152.jpeg 1536w, https:\/\/www.megaserenerji.com.tr\/wp-content\/uploads\/2026\/03\/WhatsApp-Image-2026-03-02-at-12.10.47-3.jpeg 1984w\" sizes=\"(max-width: 800px) 100vw, 800px\" \/>\t\t\t\t\t\t\t\t\t\t\t\t\t\t\t<\/div>\n\t\t\t\t<div class=\"elementor-element elementor-element-eff9e9c elementor-widget elementor-widget-image\" data-id=\"eff9e9c\" data-element_type=\"widget\" data-e-type=\"widget\" data-widget_type=\"image.default\">\n\t\t\t\t\t\t\t\t\t\t\t\t\t\t\t<img loading=\"lazy\" decoding=\"async\" width=\"800\" height=\"600\" src=\"https:\/\/www.megaserenerji.com.tr\/wp-content\/uploads\/2026\/03\/WhatsApp-Image-2026-03-26-at-19.03.53-3-1024x768.jpeg\" class=\"attachment-large size-large wp-image-480\" alt=\"\" srcset=\"https:\/\/www.megaserenerji.com.tr\/wp-content\/uploads\/2026\/03\/WhatsApp-Image-2026-03-26-at-19.03.53-3-1024x768.jpeg 1024w, https:\/\/www.megaserenerji.com.tr\/wp-content\/uploads\/2026\/03\/WhatsApp-Image-2026-03-26-at-19.03.53-3-300x225.jpeg 300w, https:\/\/www.megaserenerji.com.tr\/wp-content\/uploads\/2026\/03\/WhatsApp-Image-2026-03-26-at-19.03.53-3-768x576.jpeg 768w, https:\/\/www.megaserenerji.com.tr\/wp-content\/uploads\/2026\/03\/WhatsApp-Image-2026-03-26-at-19.03.53-3-1536x1152.jpeg 1536w, https:\/\/www.megaserenerji.com.tr\/wp-content\/uploads\/2026\/03\/WhatsApp-Image-2026-03-26-at-19.03.53-3.jpeg 1984w\" sizes=\"(max-width: 800px) 100vw, 800px\" \/>\t\t\t\t\t\t\t\t\t\t\t\t\t\t\t<\/div>\n\t\t\t\t<div class=\"elementor-element elementor-element-9254d35 elementor-widget elementor-widget-image\" data-id=\"9254d35\" data-element_type=\"widget\" data-e-type=\"widget\" data-widget_type=\"image.default\">\n\t\t\t\t\t\t\t\t\t\t\t\t\t\t\t<img loading=\"lazy\" decoding=\"async\" width=\"700\" height=\"525\" src=\"https:\/\/www.megaserenerji.com.tr\/wp-content\/uploads\/2026\/02\/45e6.jpg\" class=\"attachment-large size-large wp-image-274\" alt=\"\" srcset=\"https:\/\/www.megaserenerji.com.tr\/wp-content\/uploads\/2026\/02\/45e6.jpg 700w, https:\/\/www.megaserenerji.com.tr\/wp-content\/uploads\/2026\/02\/45e6-300x225.jpg 300w\" sizes=\"(max-width: 700px) 100vw, 700px\" \/>\t\t\t\t\t\t\t\t\t\t\t\t\t\t\t<\/div>\n\t\t\t\t\t<\/div>\n\t\t\t\t<\/div>\n\t\t\t\t<\/div>\n\t\t","protected":false},"excerpt":{"rendered":"","protected":false},"author":1,"featured_media":0,"parent":0,"menu_order":0,"comment_status":"closed","ping_status":"closed","template":"","meta":{"_joinchat":[],"footnotes":""},"class_list":["post-291","page","type-page","status-publish","hentry"],"_links":{"self":[{"href":"https:\/\/www.megaserenerji.com.tr\/index.php\/wp-json\/wp\/v2\/pages\/291","targetHints":{"allow":["GET"]}}],"collection":[{"href":"https:\/\/www.megaserenerji.com.tr\/index.php\/wp-json\/wp\/v2\/pages"}],"about":[{"href":"https:\/\/www.megaserenerji.com.tr\/index.php\/wp-json\/wp\/v2\/types\/page"}],"author":[{"embeddable":true,"href":"https:\/\/www.megaserenerji.com.tr\/index.php\/wp-json\/wp\/v2\/users\/1"}],"replies":[{"embeddable":true,"href":"https:\/\/www.megaserenerji.com.tr\/index.php\/wp-json\/wp\/v2\/comments?post=291"}],"version-history":[{"count":41,"href":"https:\/\/www.megaserenerji.com.tr\/index.php\/wp-json\/wp\/v2\/pages\/291\/revisions"}],"predecessor-version":[{"id":704,"href":"https:\/\/www.megaserenerji.com.tr\/index.php\/wp-json\/wp\/v2\/pages\/291\/revisions\/704"}],"wp:attachment":[{"href":"https:\/\/www.megaserenerji.com.tr\/index.php\/wp-json\/wp\/v2\/media?parent=291"}],"curies":[{"name":"wp","href":"https:\/\/api.w.org\/{rel}","templated":true}]}}