{"id":402,"date":"2026-02-26T21:54:37","date_gmt":"2026-02-26T21:54:37","guid":{"rendered":"https:\/\/www.megaserenerji.com.tr\/?page_id=402"},"modified":"2026-04-01T12:09:23","modified_gmt":"2026-04-01T12:09:23","slug":"klemens-imalati","status":"publish","type":"page","link":"https:\/\/www.megaserenerji.com.tr\/index.php\/klemens-imalati\/","title":{"rendered":"KLEMENS \u0130MALATI"},"content":{"rendered":"\t\t<div data-elementor-type=\"wp-page\" data-elementor-id=\"402\" class=\"elementor elementor-402\">\n\t\t\t\t<div class=\"elementor-element elementor-element-6269331 e-flex e-con-boxed e-con e-parent\" data-id=\"6269331\" data-element_type=\"container\" data-e-type=\"container\">\n\t\t\t\t\t<div class=\"e-con-inner\">\n\t\t\t\t<div class=\"elementor-element elementor-element-63d665c elementor-widget elementor-widget-image\" data-id=\"63d665c\" data-element_type=\"widget\" data-e-type=\"widget\" data-widget_type=\"image.default\">\n\t\t\t\t\t\t\t\t\t\t\t\t\t\t\t<img fetchpriority=\"high\" decoding=\"async\" width=\"1240\" height=\"1620\" src=\"https:\/\/www.megaserenerji.com.tr\/wp-content\/uploads\/2026\/02\/MEGASER-KLEMENS-SAYFASI_page-0001-e1772143329199.jpg\" class=\"attachment-full size-full wp-image-406\" alt=\"\" srcset=\"https:\/\/www.megaserenerji.com.tr\/wp-content\/uploads\/2026\/02\/MEGASER-KLEMENS-SAYFASI_page-0001-e1772143329199.jpg 1240w, https:\/\/www.megaserenerji.com.tr\/wp-content\/uploads\/2026\/02\/MEGASER-KLEMENS-SAYFASI_page-0001-e1772143329199-230x300.jpg 230w, https:\/\/www.megaserenerji.com.tr\/wp-content\/uploads\/2026\/02\/MEGASER-KLEMENS-SAYFASI_page-0001-e1772143329199-784x1024.jpg 784w, https:\/\/www.megaserenerji.com.tr\/wp-content\/uploads\/2026\/02\/MEGASER-KLEMENS-SAYFASI_page-0001-e1772143329199-768x1003.jpg 768w, https:\/\/www.megaserenerji.com.tr\/wp-content\/uploads\/2026\/02\/MEGASER-KLEMENS-SAYFASI_page-0001-e1772143329199-1176x1536.jpg 1176w\" sizes=\"(max-width: 1240px) 100vw, 1240px\" \/>\t\t\t\t\t\t\t\t\t\t\t\t\t\t\t<\/div>\n\t\t\t\t\t<\/div>\n\t\t\t\t<\/div>\n\t\t<div class=\"elementor-element elementor-element-0236e11 e-flex e-con-boxed e-con e-parent\" data-id=\"0236e11\" data-element_type=\"container\" data-e-type=\"container\" data-settings=\"{&quot;background_background&quot;:&quot;classic&quot;}\">\n\t\t\t\t\t<div class=\"e-con-inner\">\n\t\t\t\t<div class=\"elementor-element elementor-element-b5eae4b elementor-widget elementor-widget-text-editor\" data-id=\"b5eae4b\" data-element_type=\"widget\" data-e-type=\"widget\" data-widget_type=\"text-editor.default\">\n\t\t\t\t\t\t\t\t\t<h3 data-section-id=\"p7ssar\" data-start=\"185\" data-end=\"230\">AL-CU Klemens (Bimetal Klemens) \u00c7\u00f6z\u00fcmleri<\/h3><p data-start=\"232\" data-end=\"553\">AL-CU klemensler, al\u00fcminyum ve bak\u0131r iletkenlerin g\u00fcvenli, sa\u011flam ve uzun \u00f6m\u00fcrl\u00fc \u015fekilde birle\u015ftirilmesi i\u00e7in \u00f6zel olarak tasarlanm\u0131\u015f y\u00fcksek performansl\u0131 ba\u011flant\u0131 elemanlar\u0131d\u0131r. \u00d6zellikle farkl\u0131 metal yap\u0131lar aras\u0131nda olu\u015fabilecek oksidasyon ve temas sorunlar\u0131n\u0131 ortadan kald\u0131rarak maksimum iletkenlik ve g\u00fcvenlik sa\u011flar.<\/p><hr data-start=\"555\" data-end=\"558\" \/><h3 data-section-id=\"1hixjis\" data-start=\"560\" data-end=\"600\">Y\u00fcksek Performans, Maksimum G\u00fcvenlik<\/h3><p data-start=\"602\" data-end=\"781\">Al\u00fcminyum ve bak\u0131r kablolar\u0131n do\u011frudan ba\u011flanmas\u0131 zamanla \u0131s\u0131nma, gev\u015feme ve korozyon gibi ciddi problemlere yol a\u00e7abilir. AL-CU klemensler bu riskleri tamamen ortadan kald\u0131rarak:<\/p><ul data-start=\"783\" data-end=\"1011\"><li data-section-id=\"lcfomg\" data-start=\"783\" data-end=\"830\">Enerji kay\u0131plar\u0131n\u0131 minimum seviyeye indirir<\/li><li data-section-id=\"1uiupl7\" data-start=\"831\" data-end=\"870\">Y\u00fcksek ak\u0131m ta\u015f\u0131ma kapasitesi sunar<\/li><li data-section-id=\"1cpd3i\" data-start=\"871\" data-end=\"903\">Is\u0131nmaya kar\u015f\u0131 diren\u00e7 sa\u011flar<\/li><li data-section-id=\"1sur7e2\" data-start=\"904\" data-end=\"958\">Uzun \u00f6m\u00fcrl\u00fc ve bak\u0131m gerektirmeyen kullan\u0131m sa\u011flar<\/li><li data-section-id=\"1oti56\" data-start=\"959\" data-end=\"1011\">G\u00fcvenli ve standartlara uygun ba\u011flant\u0131 olu\u015fturur<\/li><\/ul><hr data-start=\"1013\" data-end=\"1016\" \/><h3 data-section-id=\"dfxqkd\" data-start=\"1018\" data-end=\"1045\">Geni\u015f Kullan\u0131m Alanlar\u0131<\/h3><p data-start=\"1047\" data-end=\"1129\">AL-CU klemensler, elektrik ve enerji sekt\u00f6r\u00fcnde bir\u00e7ok alanda tercih edilmektedir:<\/p><ul data-start=\"1131\" data-end=\"1306\"><li data-section-id=\"9cqs9i\" data-start=\"1167\" data-end=\"1196\">Elektrik da\u011f\u0131t\u0131m panolar\u0131<\/li><li data-section-id=\"1tkabx0\" data-start=\"1197\" data-end=\"1221\">End\u00fcstriyel tesisler<\/li><li data-section-id=\"fg6mdt\" data-start=\"1222\" data-end=\"1255\">Al\u00e7ak ve orta gerilim hatlar\u0131<\/li><li data-section-id=\"hgpe89\" data-start=\"1256\" data-end=\"1306\">Trafo ba\u011flant\u0131lar\u0131 ve enerji iletim sistemleri<\/li><\/ul><hr data-start=\"1308\" data-end=\"1311\" \/><h3 data-section-id=\"2e066t\" data-start=\"1313\" data-end=\"1336\">\u00dcr\u00fcn Avantajlar\u0131m\u0131z<\/h3><p data-start=\"1338\" data-end=\"1437\">Firmam\u0131z taraf\u0131ndan \u00fcretilen AL-CU klemensler, kalite ve dayan\u0131kl\u0131l\u0131k odakl\u0131 olarak \u00fcretilmektedir:<\/p><ul data-start=\"1439\" data-end=\"1648\"><li data-section-id=\"1mwyzc0\" data-start=\"1439\" data-end=\"1487\">Y\u00fcksek kaliteli al\u00fcminyum ve bak\u0131r birle\u015fimi<\/li><li data-section-id=\"1kfet52\" data-start=\"1488\" data-end=\"1530\">Uluslararas\u0131 standartlara uygun \u00fcretim<\/li><li data-section-id=\"oat66v\" data-start=\"1531\" data-end=\"1563\">Kolay ve h\u0131zl\u0131 montaj imkan\u0131<\/li><li data-section-id=\"1h3jt8f\" data-start=\"1564\" data-end=\"1600\">Farkl\u0131 kesit ve \u00f6l\u00e7\u00fc se\u00e7enekleri<\/li><li data-section-id=\"15dbnty\" data-start=\"1601\" data-end=\"1648\">Zorlu \u00e7evre ko\u015fullar\u0131na kar\u015f\u0131 \u00fcst\u00fcn dayan\u0131m<\/li><\/ul><hr data-start=\"1650\" data-end=\"1653\" \/><h3 data-section-id=\"17f11of\" data-start=\"1655\" data-end=\"1689\">Neden Bizi Tercih Etmelisiniz?<\/h3><p data-start=\"1691\" data-end=\"1905\">Sekt\u00f6rdeki tecr\u00fcbemiz ve m\u00fc\u015fteri odakl\u0131 yakla\u015f\u0131m\u0131m\u0131z ile projelerinize en uygun \u00e7\u00f6z\u00fcmleri sunuyoruz. \u00dcr\u00fcnlerimiz, hem performans hem de g\u00fcvenlik a\u00e7\u0131s\u0131ndan en \u00fcst seviyede olup, uzun y\u0131llar sorunsuz kullan\u0131m sa\u011flar.<\/p><p data-start=\"1907\" data-end=\"2006\"><strong data-start=\"1907\" data-end=\"2006\">Kaliteli \u00fcretim, g\u00fcvenilir ba\u011flant\u0131 ve s\u00fcrd\u00fcr\u00fclebilir enerji \u00e7\u00f6z\u00fcmleri i\u00e7in do\u011fru adrestesiniz.<\/strong><\/p>\t\t\t\t\t\t\t\t<\/div>\n\t\t\t\t\t<\/div>\n\t\t\t\t<\/div>\n\t\t\t\t<\/div>\n\t\t","protected":false},"excerpt":{"rendered":"<p>AL-CU Klemens (Bimetal Klemens) \u00c7\u00f6z\u00fcmleri AL-CU klemensler, al\u00fcminyum ve bak\u0131r iletkenlerin g\u00fcvenli, sa\u011flam ve uzun \u00f6m\u00fcrl\u00fc \u015fekilde birle\u015ftirilmesi i\u00e7in \u00f6zel olarak tasarlanm\u0131\u015f y\u00fcksek performansl\u0131 ba\u011flant\u0131 elemanlar\u0131d\u0131r. \u00d6zellikle farkl\u0131 metal yap\u0131lar aras\u0131nda olu\u015fabilecek oksidasyon ve temas sorunlar\u0131n\u0131 ortadan kald\u0131rarak maksimum iletkenlik ve g\u00fcvenlik sa\u011flar. Y\u00fcksek Performans, Maksimum G\u00fcvenlik Al\u00fcminyum ve bak\u0131r kablolar\u0131n do\u011frudan ba\u011flanmas\u0131 zamanla \u0131s\u0131nma, [&hellip;]<\/p>\n","protected":false},"author":1,"featured_media":0,"parent":0,"menu_order":0,"comment_status":"closed","ping_status":"closed","template":"","meta":{"_joinchat":[],"footnotes":""},"class_list":["post-402","page","type-page","status-publish","hentry"],"_links":{"self":[{"href":"https:\/\/www.megaserenerji.com.tr\/index.php\/wp-json\/wp\/v2\/pages\/402","targetHints":{"allow":["GET"]}}],"collection":[{"href":"https:\/\/www.megaserenerji.com.tr\/index.php\/wp-json\/wp\/v2\/pages"}],"about":[{"href":"https:\/\/www.megaserenerji.com.tr\/index.php\/wp-json\/wp\/v2\/types\/page"}],"author":[{"embeddable":true,"href":"https:\/\/www.megaserenerji.com.tr\/index.php\/wp-json\/wp\/v2\/users\/1"}],"replies":[{"embeddable":true,"href":"https:\/\/www.megaserenerji.com.tr\/index.php\/wp-json\/wp\/v2\/comments?post=402"}],"version-history":[{"count":19,"href":"https:\/\/www.megaserenerji.com.tr\/index.php\/wp-json\/wp\/v2\/pages\/402\/revisions"}],"predecessor-version":[{"id":707,"href":"https:\/\/www.megaserenerji.com.tr\/index.php\/wp-json\/wp\/v2\/pages\/402\/revisions\/707"}],"wp:attachment":[{"href":"https:\/\/www.megaserenerji.com.tr\/index.php\/wp-json\/wp\/v2\/media?parent=402"}],"curies":[{"name":"wp","href":"https:\/\/api.w.org\/{rel}","templated":true}]}}