{"id":451,"date":"2026-03-24T17:42:16","date_gmt":"2026-03-24T17:42:16","guid":{"rendered":"https:\/\/www.megaserenerji.com.tr\/?page_id=451"},"modified":"2026-04-01T12:03:10","modified_gmt":"2026-04-01T12:03:10","slug":"gunes-enerjisi-sistemleri","status":"publish","type":"page","link":"https:\/\/www.megaserenerji.com.tr\/index.php\/gunes-enerjisi-sistemleri\/","title":{"rendered":"G\u00fcne\u015f Enerjisi S\u0130stemleri"},"content":{"rendered":"\t\t<div data-elementor-type=\"wp-page\" data-elementor-id=\"451\" class=\"elementor elementor-451\">\n\t\t\t\t<div class=\"elementor-element elementor-element-09743e8 e-flex e-con-boxed e-con e-parent\" data-id=\"09743e8\" data-element_type=\"container\" data-e-type=\"container\">\n\t\t\t\t\t<div class=\"e-con-inner\">\n\t\t<div class=\"elementor-element elementor-element-c537c04 e-con-full e-flex e-con e-child\" data-id=\"c537c04\" data-element_type=\"container\" data-e-type=\"container\">\n\t\t\t\t<div class=\"elementor-element elementor-element-cac11b6 elementor-widget elementor-widget-image\" data-id=\"cac11b6\" data-element_type=\"widget\" data-e-type=\"widget\" data-widget_type=\"image.default\">\n\t\t\t\t\t\t\t\t\t\t\t\t\t\t\t<img fetchpriority=\"high\" decoding=\"async\" width=\"683\" height=\"1024\" src=\"https:\/\/www.megaserenerji.com.tr\/wp-content\/uploads\/2026\/03\/Gunes-enerjisi-ile-guclu-gelecek-683x1024.png\" class=\"attachment-large size-large wp-image-452\" alt=\"\" srcset=\"https:\/\/www.megaserenerji.com.tr\/wp-content\/uploads\/2026\/03\/Gunes-enerjisi-ile-guclu-gelecek-683x1024.png 683w, https:\/\/www.megaserenerji.com.tr\/wp-content\/uploads\/2026\/03\/Gunes-enerjisi-ile-guclu-gelecek-200x300.png 200w, https:\/\/www.megaserenerji.com.tr\/wp-content\/uploads\/2026\/03\/Gunes-enerjisi-ile-guclu-gelecek-768x1152.png 768w, https:\/\/www.megaserenerji.com.tr\/wp-content\/uploads\/2026\/03\/Gunes-enerjisi-ile-guclu-gelecek.png 1024w\" sizes=\"(max-width: 683px) 100vw, 683px\" \/>\t\t\t\t\t\t\t\t\t\t\t\t\t\t\t<\/div>\n\t\t\t\t<\/div>\n\t\t<div class=\"elementor-element elementor-element-85eb2a9 e-con-full e-flex e-con e-child\" data-id=\"85eb2a9\" data-element_type=\"container\" data-e-type=\"container\">\n\t\t\t\t<div class=\"elementor-element elementor-element-ef46ab7 elementor-widget elementor-widget-text-editor\" data-id=\"ef46ab7\" data-element_type=\"widget\" data-e-type=\"widget\" data-widget_type=\"text-editor.default\">\n\t\t\t\t\t\t\t\t\t<p data-start=\"0\" data-end=\"272\">\u00a0<\/p><p data-start=\"0\" data-end=\"272\"><strong>(GES) G\u00dcNE\u015e ENERJ\u0130 S\u0130STEMLER\u0130 \u0130MALATI<\/strong><\/p><p data-start=\"0\" data-end=\"272\">Megaser Enerji olarak, <strong data-start=\"23\" data-end=\"50\">G\u00fcne\u015f Enerji Sistemleri<\/strong> alan\u0131nda modern, verimli ve s\u00fcrd\u00fcr\u00fclebilir \u00e7\u00f6z\u00fcmler sunuyoruz. \u201c<strong data-start=\"115\" data-end=\"146\">Temiz Enerji, G\u00fc\u00e7l\u00fc Gelecek<\/strong>\u201d anlay\u0131\u015f\u0131yla \u00e7\u0131kt\u0131\u011f\u0131m\u0131z bu yolda, hem bireysel hem de end\u00fcstriyel ihtiya\u00e7lara uygun anahtar teslim projeler geli\u015ftiriyoruz.<\/p><p data-start=\"274\" data-end=\"609\"><strong data-start=\"274\" data-end=\"306\">Anahtar Teslim GES \u00c7\u00f6z\u00fcmleri<\/strong> kapsam\u0131nda; G\u00fcne\u015f Enerji Sistemleri imalat\u0131ndan kurulumuna kadar t\u00fcm s\u00fcre\u00e7leri profesyonel bir yakla\u015f\u0131mla y\u00f6netiyoruz. End\u00fcstriyel ve bireysel kurulum hizmetlerimizle farkl\u0131 \u00f6l\u00e7eklerdeki projelere \u00f6zel \u00e7\u00f6z\u00fcmler sunarken, y\u00fcksek verimli solar panellerimiz sayesinde maksimum enerji \u00fcretimi sa\u011fl\u0131yoruz.<\/p><p data-start=\"611\" data-end=\"917\">M\u00fchendislik ve projelendirme hizmetlerimiz ile her projeyi detayl\u0131 analiz ederek en uygun sistemi tasarl\u0131yor, uzun \u00f6m\u00fcrl\u00fc ve dayan\u0131kl\u0131 sistemler ile yat\u0131r\u0131m\u0131n\u0131z\u0131 g\u00fcvence alt\u0131na al\u0131yoruz. Kulland\u0131\u011f\u0131m\u0131z ileri teknoloji ve kaliteli malzemeler sayesinde d\u00fc\u015f\u00fck maliyetle y\u00fcksek verim elde etmenizi sa\u011fl\u0131yoruz.<\/p><p data-start=\"919\" data-end=\"1134\">Megaser Enerji ile <strong data-start=\"938\" data-end=\"967\">enerjinizi g\u00fcne\u015ften al\u0131n!<\/strong> %100 yenilenebilir enerji \u00e7\u00f6z\u00fcmlerimizle hem do\u011fay\u0131 koruyun hem de enerji maliyetlerinizi minimuma indirin. Gelece\u011fin enerjisini bug\u00fcnden \u00fcretmek i\u00e7in yan\u0131n\u0131zday\u0131z.<\/p><p data-start=\"1136\" data-end=\"1483\">Sat\u0131\u015f sonras\u0131 destek hizmetlerimiz ile kurulum sonras\u0131nda da m\u00fc\u015fterilerimizin yan\u0131nda olmaya devam ediyoruz. Sistemlerinizin d\u00fczenli bak\u0131m ve kontrol s\u00fcre\u00e7lerini titizlikle ger\u00e7ekle\u015ftirerek maksimum performans\u0131n uzun y\u0131llar boyunca korunmas\u0131n\u0131 sa\u011fl\u0131yoruz. G\u00fcvenilir teknik ekibimiz sayesinde olas\u0131 ihtiya\u00e7lara h\u0131zl\u0131 ve etkili \u00e7\u00f6z\u00fcmler sunuyoruz.<\/p><p data-start=\"1485\" data-end=\"1837\" data-is-last-node=\"\" data-is-only-node=\"\">Megaser Enerji olarak, enerji sekt\u00f6r\u00fcndeki yenilikleri yak\u0131ndan takip ediyor ve s\u00fcrekli kendimizi geli\u015ftiriyoruz. Amac\u0131m\u0131z; sadece bug\u00fcn\u00fcn de\u011fil, gelece\u011fin enerji ihtiya\u00e7lar\u0131na da cevap verebilen, \u00e7evreye duyarl\u0131 ve ekonomik \u00e7\u00f6z\u00fcmler \u00fcretmektir. S\u00fcrd\u00fcr\u00fclebilir bir d\u00fcnya i\u00e7in temiz enerji yat\u0131r\u0131mlar\u0131nda g\u00fcvenilir \u00e7\u00f6z\u00fcm orta\u011f\u0131n\u0131z olmaya devam ediyoruz.<\/p>\t\t\t\t\t\t\t\t<\/div>\n\t\t\t\t<\/div>\n\t\t\t\t\t<\/div>\n\t\t\t\t<\/div>\n\t\t<div class=\"elementor-element elementor-element-19267e0 e-flex e-con-boxed e-con e-parent\" data-id=\"19267e0\" data-element_type=\"container\" data-e-type=\"container\">\n\t\t\t\t\t<div class=\"e-con-inner\">\n\t\t\t\t<div class=\"elementor-element elementor-element-aa0ef45 elementor-widget elementor-widget-heading\" data-id=\"aa0ef45\" data-element_type=\"widget\" data-e-type=\"widget\" data-widget_type=\"heading.default\">\n\t\t\t\t\t<h2 class=\"elementor-heading-title elementor-size-default\">BAZI GES REFERANSLARIMIZ \n<\/h2>\t\t\t\t<\/div>\n\t\t\t\t\t<\/div>\n\t\t\t\t<\/div>\n\t\t<div class=\"elementor-element elementor-element-229d429 e-flex e-con-boxed e-con e-parent\" data-id=\"229d429\" data-element_type=\"container\" data-e-type=\"container\">\n\t\t\t\t\t<div class=\"e-con-inner\">\n\t\t\t\t<div class=\"elementor-element elementor-element-b7983e7 e-n-tabs-mobile elementor-widget elementor-widget-n-tabs\" data-id=\"b7983e7\" data-element_type=\"widget\" data-e-type=\"widget\" data-settings=\"{&quot;horizontal_scroll&quot;:&quot;disable&quot;}\" data-widget_type=\"nested-tabs.default\">\n\t\t\t\t\t\t\t<div class=\"e-n-tabs\" data-widget-number=\"192512999\" aria-label=\"Sekmeler. Enter ve Space ile \u00f6geleri a\u00e7abilir, Escape ile \u00f6geleri kapatabilir ve Y\u00f6n tu\u015flar\u0131 ile \u00f6geler aras\u0131nda gezinebilirsiniz.\">\n\t\t\t<div class=\"e-n-tabs-heading\" role=\"tablist\">\n\t\t\t\t\t<button id=\"e-n-tab-title-1925129991\" data-tab-title-id=\"e-n-tab-title-1925129991\" class=\"e-n-tab-title\" aria-selected=\"true\" data-tab-index=\"1\" role=\"tab\" tabindex=\"0\" aria-controls=\"e-n-tab-content-1925129991\" style=\"--n-tabs-title-order: 1;\">\n\t\t\t\t\t\t<span class=\"e-n-tab-title-text\">\n\t\t\t\tT\u00dcRK\u0130YE\t\t\t<\/span>\n\t\t<\/button>\n\t\t\t\t<button id=\"e-n-tab-title-1925129992\" data-tab-title-id=\"e-n-tab-title-1925129992\" class=\"e-n-tab-title\" aria-selected=\"false\" data-tab-index=\"2\" role=\"tab\" tabindex=\"-1\" aria-controls=\"e-n-tab-content-1925129992\" style=\"--n-tabs-title-order: 2;\">\n\t\t\t\t\t\t<span class=\"e-n-tab-title-text\">\n\t\t\t\tALMANYA\t\t\t<\/span>\n\t\t<\/button>\n\t\t\t\t\t<\/div>\n\t\t\t<div class=\"e-n-tabs-content\">\n\t\t\t\t<div id=\"e-n-tab-content-1925129991\" role=\"tabpanel\" aria-labelledby=\"e-n-tab-title-1925129991\" data-tab-index=\"1\" style=\"--n-tabs-title-order: 1;\" class=\"e-active elementor-element elementor-element-016d1df e-con-full e-flex e-con e-child\" data-id=\"016d1df\" data-element_type=\"container\" data-e-type=\"container\">\n\t\t<div class=\"elementor-element elementor-element-40cb636 e-flex e-con-boxed e-con e-child\" data-id=\"40cb636\" data-element_type=\"container\" data-e-type=\"container\">\n\t\t\t\t\t<div class=\"e-con-inner\">\n\t\t\t\t<div class=\"elementor-element elementor-element-3d36ef9 elementor-widget elementor-widget-text-editor\" data-id=\"3d36ef9\" data-element_type=\"widget\" data-e-type=\"widget\" data-widget_type=\"text-editor.default\">\n\t\t\t\t\t\t\t\t\t<table width=\"380\"><tbody><tr><td width=\"380\">BAL\u00c7IK ISI PURSAKLAR FABR\u0130KA GES PANOLARI<\/td><\/tr><tr><td>HAS METAL \u00c7ANKIRI FABR\u0130KA GES PANOLARI<\/td><\/tr><tr><td>BAHAR AYDINLATMA FABR\u0130KA GES PANOLARI<\/td><\/tr><tr><td>RAMPA GIDA FABR\u0130KA GES PANOLARI<\/td><\/tr><tr><td>ATAK M\u00dcHEND\u0130SL\u0130K FABR\u0130KA-1 GES PANOLARI<\/td><\/tr><tr><td>ATAK M\u00dcHEND\u0130SL\u0130K FABR\u0130KA-2 GES PANOLARI<\/td><\/tr><tr><td>LAZZON\u0130 MOB\u0130LYA FABR\u0130KA-2 GES PANOLARI<\/td><\/tr><tr><td>DMC SERAM\u0130K FABR\u0130KA-2 GES PANOLARI<\/td><\/tr><tr><td>NERG\u0130Z DEKORASYON FABR\u0130KA-2 GES PANOLARI<\/td><\/tr><\/tbody><\/table>\t\t\t\t\t\t\t\t<\/div>\n\t\t\t\t\t<\/div>\n\t\t\t\t<\/div>\n\t\t\t\t<\/div>\n\t\t<div id=\"e-n-tab-content-1925129992\" role=\"tabpanel\" aria-labelledby=\"e-n-tab-title-1925129992\" data-tab-index=\"2\" style=\"--n-tabs-title-order: 2;\" class=\" elementor-element elementor-element-639e69a e-con-full e-flex e-con e-child\" data-id=\"639e69a\" data-element_type=\"container\" data-e-type=\"container\">\n\t\t<div class=\"elementor-element elementor-element-e9aa0b0 e-con-full e-flex e-con e-child\" data-id=\"e9aa0b0\" data-element_type=\"container\" data-e-type=\"container\">\n\t\t\t\t<div class=\"elementor-element elementor-element-5e10d48 elementor-widget elementor-widget-text-editor\" data-id=\"5e10d48\" data-element_type=\"widget\" data-e-type=\"widget\" data-widget_type=\"text-editor.default\">\n\t\t\t\t\t\t\t\t\t<table width=\"380\"><tbody><tr><td width=\"380\">20-0,4kV 800kVA Trafostation Jeetze<\/td><\/tr><tr><td>20-0,4kV 800kVA Trafostation M\u00f6nchengladb.<\/td><\/tr><tr><td>20-0,4kV 800kVA Trafostation Neusta\u00dffurt<\/td><\/tr><tr><td>20-0,4kV 1000kVA Trafostation Belgern 1<\/td><\/tr><tr><td>20-0,4kV 1600kVA Trafostation Friesoythe<\/td><\/tr><tr><td>20-04Single-Line Wiepkenhagen-Mittelspannung V1<\/td><\/tr><tr><td>630kVA 0,4kV Breitungen Trafostation NSHV<\/td><\/tr><tr><td>800kVA 0,4kV Schefflenz Trafostation NSHV\u00a0<\/td><\/tr><tr><td>1250kVA 0,4kV Boeck Leipheim<\/td><\/tr><tr><td>630kVA 20\/0,4kV Lehmaier\u00a0<\/td><\/tr><tr><td>20-0,8kV 2500kVA Solarpark M\u00fcnsing<\/td><\/tr><tr><td>400kVA 0,4kV Obi-Baumarkt Trafostaion<\/td><\/tr><tr><td>400kVA 0,4kV Tierheim NSHV<\/td><\/tr><tr><td>1600kVA 0,4kV Boeck Leipheim NSHV<\/td><\/tr><tr><td>2500kVA 10-0,8kV NSHV Soventix Powerful Returns<\/td><\/tr><\/tbody><\/table>\t\t\t\t\t\t\t\t<\/div>\n\t\t\t\t<\/div>\n\t\t<div class=\"elementor-element elementor-element-3d23152 e-con-full e-flex e-con e-child\" data-id=\"3d23152\" data-element_type=\"container\" data-e-type=\"container\">\n\t\t\t\t<div class=\"elementor-element elementor-element-f4f000c elementor-widget elementor-widget-text-editor\" data-id=\"f4f000c\" data-element_type=\"widget\" data-e-type=\"widget\" data-widget_type=\"text-editor.default\">\n\t\t\t\t\t\t\t\t\t<table width=\"380\"><tbody><tr><td width=\"380\">PVA SOLARPARK UNTERPREPPACH EBNER<\/td><\/tr><tr><td>630kVA 20-0,4kV Trafostation Harbke v2\u00a0<\/td><\/tr><tr><td>630kVA Trafostation Muldenhammer<\/td><\/tr><tr><td>630kVA Trafostation Wriezen<\/td><\/tr><tr><td>1000kVA 20-0,4kV Langhagen Asphaltwerk Dachanlage NSHV<\/td><\/tr><tr><td>1600kVA 0,4kV Saarwellingen Trafostation NSHV\u00a0<\/td><\/tr><tr><td>2000kVA 0,4kV Fiwabau Trafostation NSHV<\/td><\/tr><tr><td>2000kVA SENGER RHE\u0130NE NSHV<\/td><\/tr><tr><td>1600 S\u0130CON GESCHER<\/td><\/tr><tr><td>20-0,4kV 630kVA Trafostation Meyer Buchheim<\/td><\/tr><tr><td>630kVA 0,4kV Plattling Station<\/td><\/tr><tr><td>2500kVA Halle_SLD_Trafo<\/td><\/tr><tr><td>630kVA Trafostation Bentzin THREE L\u0130NE<\/td><\/tr><tr><td>630kVA 20-0,4kV Trafostation Bundespolizei<\/td><\/tr><tr><td>1000kVA 20-0,4kV ABA Hoven Trabitz<\/td><\/tr><\/tbody><\/table>\t\t\t\t\t\t\t\t<\/div>\n\t\t\t\t<\/div>\n\t\t\t\t<\/div>\n\t\t\t\t\t<\/div>\n\t\t<\/div>\n\t\t\t\t\t\t<\/div>\n\t\t\t\t\t<\/div>\n\t\t\t\t<\/div>\n\t\t\t\t<\/div>\n\t\t","protected":false},"excerpt":{"rendered":"<p>\u00a0 (GES) G\u00dcNE\u015e ENERJ\u0130 S\u0130STEMLER\u0130 \u0130MALATI Megaser Enerji olarak, G\u00fcne\u015f Enerji Sistemleri alan\u0131nda modern, verimli ve s\u00fcrd\u00fcr\u00fclebilir \u00e7\u00f6z\u00fcmler sunuyoruz. \u201cTemiz Enerji, G\u00fc\u00e7l\u00fc Gelecek\u201d anlay\u0131\u015f\u0131yla \u00e7\u0131kt\u0131\u011f\u0131m\u0131z bu yolda, hem bireysel hem de end\u00fcstriyel ihtiya\u00e7lara uygun anahtar teslim projeler geli\u015ftiriyoruz. Anahtar Teslim GES \u00c7\u00f6z\u00fcmleri kapsam\u0131nda; G\u00fcne\u015f Enerji Sistemleri imalat\u0131ndan kurulumuna kadar t\u00fcm s\u00fcre\u00e7leri profesyonel bir yakla\u015f\u0131mla y\u00f6netiyoruz. [&hellip;]<\/p>\n","protected":false},"author":1,"featured_media":0,"parent":0,"menu_order":0,"comment_status":"closed","ping_status":"closed","template":"","meta":{"_joinchat":[],"footnotes":""},"class_list":["post-451","page","type-page","status-publish","hentry"],"_links":{"self":[{"href":"https:\/\/www.megaserenerji.com.tr\/index.php\/wp-json\/wp\/v2\/pages\/451","targetHints":{"allow":["GET"]}}],"collection":[{"href":"https:\/\/www.megaserenerji.com.tr\/index.php\/wp-json\/wp\/v2\/pages"}],"about":[{"href":"https:\/\/www.megaserenerji.com.tr\/index.php\/wp-json\/wp\/v2\/types\/page"}],"author":[{"embeddable":true,"href":"https:\/\/www.megaserenerji.com.tr\/index.php\/wp-json\/wp\/v2\/users\/1"}],"replies":[{"embeddable":true,"href":"https:\/\/www.megaserenerji.com.tr\/index.php\/wp-json\/wp\/v2\/comments?post=451"}],"version-history":[{"count":45,"href":"https:\/\/www.megaserenerji.com.tr\/index.php\/wp-json\/wp\/v2\/pages\/451\/revisions"}],"predecessor-version":[{"id":692,"href":"https:\/\/www.megaserenerji.com.tr\/index.php\/wp-json\/wp\/v2\/pages\/451\/revisions\/692"}],"wp:attachment":[{"href":"https:\/\/www.megaserenerji.com.tr\/index.php\/wp-json\/wp\/v2\/media?parent=451"}],"curies":[{"name":"wp","href":"https:\/\/api.w.org\/{rel}","templated":true}]}}